{"id":8,"date":"2023-12-06T17:19:28","date_gmt":"2023-12-06T20:19:28","guid":{"rendered":"https:\/\/jonesluiz.com.br\/?page_id=8"},"modified":"2025-08-07T13:44:02","modified_gmt":"2025-08-07T16:44:02","slug":"novo-testamento","status":"publish","type":"page","link":"https:\/\/jonesluiz.com.br\/","title":{"rendered":"Jones Luiz Otto"},"content":{"rendered":"\n<p>LIVRO DE RUTE &#8211; VELHO TESTAMENTO<\/p>\n\n\n\n<figure class=\"wp-block-embed is-type-rich is-provider-spotify wp-block-embed-spotify wp-embed-aspect-21-9 wp-has-aspect-ratio\"><div class=\"wp-block-embed__wrapper\">\n<iframe title=\"Spotify Embed: CAP\u00cdTULO 04.\" style=\"border-radius: 12px\" width=\"100%\" height=\"152\" frameborder=\"0\" allowfullscreen allow=\"autoplay; clipboard-write; encrypted-media; fullscreen; picture-in-picture\" loading=\"lazy\" src=\"https:\/\/open.spotify.com\/embed\/show\/4FjePLmKyznb1zT6HmT45q?si=f002f27d212444f0&#038;utm_source=oembed\"><\/iframe>\n<\/div><\/figure>\n\n\n\n<p>LIVRO DE ESTER &#8211; VELHO TESTAMENTO<\/p>\n\n\n\n<figure class=\"wp-block-embed is-type-rich is-provider-spotify wp-block-embed-spotify wp-embed-aspect-21-9 wp-has-aspect-ratio\"><div class=\"wp-block-embed__wrapper\">\n<iframe title=\"Spotify Embed: CAP\u00cdTULO 10.\" style=\"border-radius: 12px\" width=\"100%\" height=\"152\" frameborder=\"0\" allowfullscreen allow=\"autoplay; clipboard-write; encrypted-media; fullscreen; picture-in-picture\" loading=\"lazy\" src=\"https:\/\/open.spotify.com\/embed\/show\/1UK5Y3d3CrUaSwlS3yrZRX?si=d83c2cb5cbfa4440&#038;utm_source=oembed\"><\/iframe>\n<\/div><\/figure>\n\n\n\n<p>C\u00c2NTICO DOS C\u00c2NTICOS &#8211; REI SALOM\u00c3O<\/p>\n\n\n\n<figure class=\"wp-block-embed is-type-rich is-provider-spotify wp-block-embed-spotify wp-embed-aspect-21-9 wp-has-aspect-ratio\"><div class=\"wp-block-embed__wrapper\">\n<iframe title=\"Spotify Embed: CAP\u00cdTULO 08.\" style=\"border-radius: 12px\" width=\"100%\" height=\"152\" frameborder=\"0\" allowfullscreen allow=\"autoplay; clipboard-write; encrypted-media; fullscreen; picture-in-picture\" loading=\"lazy\" src=\"https:\/\/open.spotify.com\/embed\/show\/37lzkEJohIRKJTBEfCtVPd?si=637311e09ee644ce&#038;utm_source=oembed\"><\/iframe>\n<\/div><\/figure>\n\n\n\n<p>ECLESIASTES &#8211; REI SALOM\u00c3O<\/p>\n\n\n\n<figure class=\"wp-block-embed is-type-rich is-provider-spotify wp-block-embed-spotify wp-embed-aspect-21-9 wp-has-aspect-ratio\"><div class=\"wp-block-embed__wrapper\">\n<iframe title=\"Spotify Embed: CAP\u00cdTULO 12.\" style=\"border-radius: 12px\" width=\"100%\" height=\"152\" frameborder=\"0\" allowfullscreen allow=\"autoplay; clipboard-write; encrypted-media; fullscreen; picture-in-picture\" loading=\"lazy\" src=\"https:\/\/open.spotify.com\/embed\/show\/4gQL0KXzfXDum1GJ3vMQSK?si=384117e02b9a4b77&#038;utm_source=oembed\"><\/iframe>\n<\/div><\/figure>\n\n\n\n<p>SALMOS &#8211; REI DAVI<\/p>\n\n\n\n<figure class=\"wp-block-embed is-type-rich is-provider-spotify wp-block-embed-spotify wp-embed-aspect-21-9 wp-has-aspect-ratio\"><div class=\"wp-block-embed__wrapper\">\n<iframe title=\"Spotify Embed: CAP\u00cdTULO 24.\" style=\"border-radius: 12px\" width=\"100%\" height=\"152\" frameborder=\"0\" allowfullscreen allow=\"autoplay; clipboard-write; encrypted-media; fullscreen; picture-in-picture\" loading=\"lazy\" src=\"https:\/\/open.spotify.com\/embed\/show\/2wJ5JPhiK6eHfFC6U9avrX?si=de314646a4bb4da5&#038;utm_source=oembed\"><\/iframe>\n<\/div><\/figure>\n\n\n\n<p>PROV\u00c9RBIOS DO REI SALOM\u00c3O<\/p>\n\n\n\n<figure class=\"wp-block-embed is-type-rich is-provider-spotify wp-block-embed-spotify wp-embed-aspect-21-9 wp-has-aspect-ratio\"><div class=\"wp-block-embed__wrapper\">\n<iframe title=\"Spotify Embed: Cap\u00edtulo 31.\" style=\"border-radius: 12px\" width=\"100%\" height=\"152\" frameborder=\"0\" allowfullscreen allow=\"autoplay; clipboard-write; encrypted-media; fullscreen; picture-in-picture\" loading=\"lazy\" src=\"https:\/\/open.spotify.com\/embed\/show\/72UJ7D74DhNQu9w8ahpeXN?si=aa2fe3e1001a4690&#038;utm_source=oembed\"><\/iframe>\n<\/div><figcaption class=\"wp-element-caption\">Gotas de sabedoria de uma das figuras mais emblem\u00e1ticas do Antigo Testamento.<\/figcaption><\/figure>\n\n\n\n<p>DEVOCIONAL CINCO MINUTOS COM JESUS<\/p>\n\n\n\n<figure class=\"wp-block-embed is-type-rich is-provider-spotify wp-block-embed-spotify wp-embed-aspect-21-9 wp-has-aspect-ratio\"><div class=\"wp-block-embed__wrapper\">\n<iframe title=\"Spotify Embed: EXERC\u00cdCIO DE ANO NOVO.\" style=\"border-radius: 12px\" width=\"100%\" height=\"152\" frameborder=\"0\" allowfullscreen allow=\"autoplay; clipboard-write; encrypted-media; fullscreen; picture-in-picture\" loading=\"lazy\" src=\"https:\/\/open.spotify.com\/embed\/show\/2d3FIuMrG4VgsKzeaKxnjY?utm_source=oembed\"><\/iframe>\n<\/div><figcaption class=\"wp-element-caption\">Mensagens di\u00e1rias para seu crescimento espiritual.<\/figcaption><\/figure>\n\n\n\n<p>O NOVO TESTAMENTO<\/p>\n\n\n\n<figure class=\"wp-block-embed is-type-rich is-provider-spotify wp-block-embed-spotify wp-embed-aspect-21-9 wp-has-aspect-ratio\"><div class=\"wp-block-embed__wrapper\">\n<iframe title=\"Spotify Embed: APOCALIPSE 22.\" style=\"border-radius: 12px\" width=\"100%\" height=\"152\" frameborder=\"0\" allowfullscreen allow=\"autoplay; clipboard-write; encrypted-media; fullscreen; picture-in-picture\" loading=\"lazy\" src=\"https:\/\/open.spotify.com\/embed\/show\/126TIZJbHt2qlYbF4QWXBd?si=ac0823ab67a0488e&#038;utm_source=oembed\"><\/iframe>\n<\/div><figcaption class=\"wp-element-caption\">Todos os livros do Novo Testamento na voz de Jones Luiz Otto.<\/figcaption><\/figure>\n","protected":false},"excerpt":{"rendered":"<p>LIVRO DE RUTE &#8211; VELHO TESTAMENTO LIVRO DE ESTER &#8211; VELHO TESTAMENTO C\u00c2NTICO DOS C\u00c2NTICOS &#8211; REI SALOM\u00c3O ECLESIASTES &#8211; REI SALOM\u00c3O SALMOS &#8211; REI DAVI PROV\u00c9RBIOS DO REI SALOM\u00c3O DEVOCIONAL CINCO MINUTOS COM JESUS O NOVO TESTAMENTO<\/p>\n","protected":false},"author":1,"featured_media":0,"parent":0,"menu_order":0,"comment_status":"closed","ping_status":"closed","template":"","meta":{"footnotes":""},"class_list":["post-8","page","type-page","status-publish","hentry"],"_links":{"self":[{"href":"https:\/\/jonesluiz.com.br\/index.php\/wp-json\/wp\/v2\/pages\/8","targetHints":{"allow":["GET"]}}],"collection":[{"href":"https:\/\/jonesluiz.com.br\/index.php\/wp-json\/wp\/v2\/pages"}],"about":[{"href":"https:\/\/jonesluiz.com.br\/index.php\/wp-json\/wp\/v2\/types\/page"}],"author":[{"embeddable":true,"href":"https:\/\/jonesluiz.com.br\/index.php\/wp-json\/wp\/v2\/users\/1"}],"replies":[{"embeddable":true,"href":"https:\/\/jonesluiz.com.br\/index.php\/wp-json\/wp\/v2\/comments?post=8"}],"version-history":[{"count":9,"href":"https:\/\/jonesluiz.com.br\/index.php\/wp-json\/wp\/v2\/pages\/8\/revisions"}],"predecessor-version":[{"id":30,"href":"https:\/\/jonesluiz.com.br\/index.php\/wp-json\/wp\/v2\/pages\/8\/revisions\/30"}],"wp:attachment":[{"href":"https:\/\/jonesluiz.com.br\/index.php\/wp-json\/wp\/v2\/media?parent=8"}],"curies":[{"name":"wp","href":"https:\/\/api.w.org\/{rel}","templated":true}]}}